{"id":6862,"date":"2025-03-24T13:00:16","date_gmt":"2025-03-24T12:00:16","guid":{"rendered":"https:\/\/www.caldaria.es\/tienda\/?post_type=product&#038;p=6862"},"modified":"2025-12-24T20:19:12","modified_gmt":"2025-12-24T19:19:12","slug":"menu-alvea","status":"publish","type":"product","link":"https:\/\/www.caldaria.es\/tienda\/producto\/menu-alvea\/","title":{"rendered":"Men\u00fa + Alvea"},"content":{"rendered":"<p><strong>Disfruta de un men\u00fa m\u00e1s acceso de 2 horas a la piscina<\/strong> <strong>Toda compra est\u00e1 sujeta a disponibilidad del establecimiento para la fecha elegida. Reserva de fecha en arnoia@caldaria.es o 988 49 24 00 <\/strong><\/p>\n","protected":false},"excerpt":{"rendered":"<p>Disfruta de un men\u00fa m\u00e1s acceso de 2 horas a la piscina Toda compra est\u00e1 sujeta a disponibilidad del establecimiento para la fecha elegida. Reserva de fecha en arnoia@caldaria.es o 988 49 24 00<\/p>\n","protected":false},"featured_media":6863,"comment_status":"open","ping_status":"closed","template":"","meta":[],"product_brand":[],"product_cat":[79],"product_tag":[],"class_list":{"0":"post-6862","1":"product","2":"type-product","3":"status-publish","4":"has-post-thumbnail","6":"product_cat-bonos","8":"first","9":"instock","10":"shipping-taxable","11":"purchasable","12":"product-type-variable","13":"has-default-attributes"},"yoast_head":"<!-- This site is optimized with the Yoast SEO plugin v27.3 - https:\/\/yoast.com\/product\/yoast-seo-wordpress\/ -->\n<title>Men\u00fa + Alvea | Tienda Caldaria<\/title>\n<meta name=\"robots\" content=\"index, follow, max-snippet:-1, max-image-preview:large, max-video-preview:-1\" \/>\n<link rel=\"canonical\" href=\"https:\/\/www.caldaria.es\/tienda\/producto\/menu-alvea\/\" \/>\n<meta property=\"og:locale\" content=\"es_ES\" \/>\n<meta property=\"og:type\" content=\"article\" \/>\n<meta property=\"og:title\" content=\"Men\u00fa + Alvea | Tienda Caldaria\" \/>\n<meta property=\"og:description\" content=\"Disfruta de un men\u00fa m\u00e1s acceso de 2 horas a la piscina Toda compra est\u00e1 sujeta a disponibilidad del establecimiento para la fecha elegida. Reserva de fecha en arnoia@caldaria.es o 988 49 24 00\" \/>\n<meta property=\"og:url\" content=\"https:\/\/www.caldaria.es\/tienda\/producto\/menu-alvea\/\" \/>\n<meta property=\"og:site_name\" content=\"Tienda Caldaria\" \/>\n<meta property=\"article:modified_time\" content=\"2025-12-24T19:19:12+00:00\" \/>\n<meta property=\"og:image\" content=\"https:\/\/www.caldaria.es\/tienda\/wp-content\/uploads\/2025\/03\/FSV8796-scaled.jpg\" \/>\n\t<meta property=\"og:image:width\" content=\"2560\" \/>\n\t<meta property=\"og:image:height\" content=\"1703\" \/>\n\t<meta property=\"og:image:type\" content=\"image\/jpeg\" \/>\n<meta name=\"twitter:card\" content=\"summary_large_image\" \/>\n<meta name=\"twitter:label1\" content=\"Tiempo de lectura\" \/>\n\t<meta name=\"twitter:data1\" content=\"1 minuto\" \/>\n<script type=\"application\/ld+json\" class=\"yoast-schema-graph\">{\"@context\":\"https:\\\/\\\/schema.org\",\"@graph\":[{\"@type\":\"WebPage\",\"@id\":\"https:\\\/\\\/www.caldaria.es\\\/tienda\\\/producto\\\/menu-alvea\\\/\",\"url\":\"https:\\\/\\\/www.caldaria.es\\\/tienda\\\/producto\\\/menu-alvea\\\/\",\"name\":\"Men\u00fa + Alvea | Tienda Caldaria\",\"isPartOf\":{\"@id\":\"https:\\\/\\\/caldaria.ideit.es\\\/tienda\\\/#website\"},\"primaryImageOfPage\":{\"@id\":\"https:\\\/\\\/www.caldaria.es\\\/tienda\\\/producto\\\/menu-alvea\\\/#primaryimage\"},\"image\":{\"@id\":\"https:\\\/\\\/www.caldaria.es\\\/tienda\\\/producto\\\/menu-alvea\\\/#primaryimage\"},\"thumbnailUrl\":\"https:\\\/\\\/www.caldaria.es\\\/tienda\\\/wp-content\\\/uploads\\\/2025\\\/03\\\/FSV8796-scaled.jpg\",\"datePublished\":\"2025-03-24T12:00:16+00:00\",\"dateModified\":\"2025-12-24T19:19:12+00:00\",\"breadcrumb\":{\"@id\":\"https:\\\/\\\/www.caldaria.es\\\/tienda\\\/producto\\\/menu-alvea\\\/#breadcrumb\"},\"inLanguage\":\"es\",\"potentialAction\":[{\"@type\":\"ReadAction\",\"target\":[\"https:\\\/\\\/www.caldaria.es\\\/tienda\\\/producto\\\/menu-alvea\\\/\"]}]},{\"@type\":\"ImageObject\",\"inLanguage\":\"es\",\"@id\":\"https:\\\/\\\/www.caldaria.es\\\/tienda\\\/producto\\\/menu-alvea\\\/#primaryimage\",\"url\":\"https:\\\/\\\/www.caldaria.es\\\/tienda\\\/wp-content\\\/uploads\\\/2025\\\/03\\\/FSV8796-scaled.jpg\",\"contentUrl\":\"https:\\\/\\\/www.caldaria.es\\\/tienda\\\/wp-content\\\/uploads\\\/2025\\\/03\\\/FSV8796-scaled.jpg\",\"width\":2560,\"height\":1703},{\"@type\":\"BreadcrumbList\",\"@id\":\"https:\\\/\\\/www.caldaria.es\\\/tienda\\\/producto\\\/menu-alvea\\\/#breadcrumb\",\"itemListElement\":[{\"@type\":\"ListItem\",\"position\":1,\"name\":\"Portada\",\"item\":\"https:\\\/\\\/caldaria.ideit.es\\\/tienda\\\/\"},{\"@type\":\"ListItem\",\"position\":2,\"name\":\"Tienda\",\"item\":\"https:\\\/\\\/caldaria.ideit.es\\\/tienda\\\/tienda\\\/\"},{\"@type\":\"ListItem\",\"position\":3,\"name\":\"Men\u00fa + Alvea\"}]},{\"@type\":\"WebSite\",\"@id\":\"https:\\\/\\\/caldaria.ideit.es\\\/tienda\\\/#website\",\"url\":\"https:\\\/\\\/caldaria.ideit.es\\\/tienda\\\/\",\"name\":\"Tienda Caldaria\",\"description\":\"\",\"potentialAction\":[{\"@type\":\"SearchAction\",\"target\":{\"@type\":\"EntryPoint\",\"urlTemplate\":\"https:\\\/\\\/caldaria.ideit.es\\\/tienda\\\/?s={search_term_string}\"},\"query-input\":{\"@type\":\"PropertyValueSpecification\",\"valueRequired\":true,\"valueName\":\"search_term_string\"}}],\"inLanguage\":\"es\"}]}<\/script>\n<!-- \/ Yoast SEO plugin. -->","yoast_head_json":{"title":"Men\u00fa + Alvea | Tienda Caldaria","robots":{"index":"index","follow":"follow","max-snippet":"max-snippet:-1","max-image-preview":"max-image-preview:large","max-video-preview":"max-video-preview:-1"},"canonical":"https:\/\/www.caldaria.es\/tienda\/producto\/menu-alvea\/","og_locale":"es_ES","og_type":"article","og_title":"Men\u00fa + Alvea | Tienda Caldaria","og_description":"Disfruta de un men\u00fa m\u00e1s acceso de 2 horas a la piscina Toda compra est\u00e1 sujeta a disponibilidad del establecimiento para la fecha elegida. Reserva de fecha en arnoia@caldaria.es o 988 49 24 00","og_url":"https:\/\/www.caldaria.es\/tienda\/producto\/menu-alvea\/","og_site_name":"Tienda Caldaria","article_modified_time":"2025-12-24T19:19:12+00:00","og_image":[{"width":2560,"height":1703,"url":"https:\/\/www.caldaria.es\/tienda\/wp-content\/uploads\/2025\/03\/FSV8796-scaled.jpg","type":"image\/jpeg"}],"twitter_card":"summary_large_image","twitter_misc":{"Tiempo de lectura":"1 minuto"},"schema":{"@context":"https:\/\/schema.org","@graph":[{"@type":"WebPage","@id":"https:\/\/www.caldaria.es\/tienda\/producto\/menu-alvea\/","url":"https:\/\/www.caldaria.es\/tienda\/producto\/menu-alvea\/","name":"Men\u00fa + Alvea | Tienda Caldaria","isPartOf":{"@id":"https:\/\/caldaria.ideit.es\/tienda\/#website"},"primaryImageOfPage":{"@id":"https:\/\/www.caldaria.es\/tienda\/producto\/menu-alvea\/#primaryimage"},"image":{"@id":"https:\/\/www.caldaria.es\/tienda\/producto\/menu-alvea\/#primaryimage"},"thumbnailUrl":"https:\/\/www.caldaria.es\/tienda\/wp-content\/uploads\/2025\/03\/FSV8796-scaled.jpg","datePublished":"2025-03-24T12:00:16+00:00","dateModified":"2025-12-24T19:19:12+00:00","breadcrumb":{"@id":"https:\/\/www.caldaria.es\/tienda\/producto\/menu-alvea\/#breadcrumb"},"inLanguage":"es","potentialAction":[{"@type":"ReadAction","target":["https:\/\/www.caldaria.es\/tienda\/producto\/menu-alvea\/"]}]},{"@type":"ImageObject","inLanguage":"es","@id":"https:\/\/www.caldaria.es\/tienda\/producto\/menu-alvea\/#primaryimage","url":"https:\/\/www.caldaria.es\/tienda\/wp-content\/uploads\/2025\/03\/FSV8796-scaled.jpg","contentUrl":"https:\/\/www.caldaria.es\/tienda\/wp-content\/uploads\/2025\/03\/FSV8796-scaled.jpg","width":2560,"height":1703},{"@type":"BreadcrumbList","@id":"https:\/\/www.caldaria.es\/tienda\/producto\/menu-alvea\/#breadcrumb","itemListElement":[{"@type":"ListItem","position":1,"name":"Portada","item":"https:\/\/caldaria.ideit.es\/tienda\/"},{"@type":"ListItem","position":2,"name":"Tienda","item":"https:\/\/caldaria.ideit.es\/tienda\/tienda\/"},{"@type":"ListItem","position":3,"name":"Men\u00fa + Alvea"}]},{"@type":"WebSite","@id":"https:\/\/caldaria.ideit.es\/tienda\/#website","url":"https:\/\/caldaria.ideit.es\/tienda\/","name":"Tienda Caldaria","description":"","potentialAction":[{"@type":"SearchAction","target":{"@type":"EntryPoint","urlTemplate":"https:\/\/caldaria.ideit.es\/tienda\/?s={search_term_string}"},"query-input":{"@type":"PropertyValueSpecification","valueRequired":true,"valueName":"search_term_string"}}],"inLanguage":"es"}]}},"jetpack_sharing_enabled":true,"_links":{"self":[{"href":"https:\/\/www.caldaria.es\/tienda\/wp-json\/wp\/v2\/product\/6862","targetHints":{"allow":["GET"]}}],"collection":[{"href":"https:\/\/www.caldaria.es\/tienda\/wp-json\/wp\/v2\/product"}],"about":[{"href":"https:\/\/www.caldaria.es\/tienda\/wp-json\/wp\/v2\/types\/product"}],"replies":[{"embeddable":true,"href":"https:\/\/www.caldaria.es\/tienda\/wp-json\/wp\/v2\/comments?post=6862"}],"wp:featuredmedia":[{"embeddable":true,"href":"https:\/\/www.caldaria.es\/tienda\/wp-json\/wp\/v2\/media\/6863"}],"wp:attachment":[{"href":"https:\/\/www.caldaria.es\/tienda\/wp-json\/wp\/v2\/media?parent=6862"}],"wp:term":[{"taxonomy":"product_brand","embeddable":true,"href":"https:\/\/www.caldaria.es\/tienda\/wp-json\/wp\/v2\/product_brand?post=6862"},{"taxonomy":"product_cat","embeddable":true,"href":"https:\/\/www.caldaria.es\/tienda\/wp-json\/wp\/v2\/product_cat?post=6862"},{"taxonomy":"product_tag","embeddable":true,"href":"https:\/\/www.caldaria.es\/tienda\/wp-json\/wp\/v2\/product_tag?post=6862"}],"curies":[{"name":"wp","href":"https:\/\/api.w.org\/{rel}","templated":true}]}}