{"id":3528,"date":"2020-02-13T18:04:18","date_gmt":"2020-02-13T18:04:18","guid":{"rendered":"https:\/\/www.caldaria.es\/tienda\/?post_type=product&#038;p=3528"},"modified":"2020-06-09T08:54:56","modified_gmt":"2020-06-09T08:54:56","slug":"pack-pour-homme-3-unidades","status":"publish","type":"product","link":"https:\/\/www.caldaria.es\/tienda\/producto\/pack-pour-homme-3-unidades\/","title":{"rendered":"Pack Pour Homme (3 unidades)"},"content":{"rendered":"","protected":false},"excerpt":{"rendered":"<p><strong>After Shave Hidratante:<\/strong><br \/>\nPresentaci\u00f3n: 100cc<br \/>\nEl afeitado supone una agresi\u00f3n diaria para la piel masculina por ello disponemos de un after-shave que  alivia y prepara la piel despu\u00e9s del afeitado incluso las pieles mas sensibles.<\/p>\n<p><strong>Fluido Hidratante: <\/strong><br \/>\nPresentaci\u00f3n: 50cc<br \/>\nEl sol ,el frio y el aire estropean considerablemente la piel , tanto masculina como femenina, aunque la del hombre es mas resistente a las agresiones externas .<br \/>\nDe Balneis propone  su tratamiento hidratante para restablecer la pel\u00edcula hidrolipidica y actuar como escudo frente a las agresiones del medio as\u00ed como las del afeitado diario.<br \/>\nAplicar sobre el rostro y el cuello dando ligeros masajes , insistiendo en las zonas donde la piel esta mas seca.<\/p>\n<p><strong>Fluido Relax Ocular:<\/strong><br \/>\nPresentaci\u00f3n: 50cc<br \/>\nFluido indicado para la zona orbicular de gran poder antinflamatorio y desintoxicante .<br \/>\nDisminuye arrugas y aten\u00faa las bolsa de ojos y ojeras.<br \/>\nIdeal para un bienestar inmediato sin ninguna sensaci\u00f3n de grasa.<br \/>\nAplicar en la zona peri orbicular con suave  masaje.<\/p>\n","protected":false},"featured_media":3529,"comment_status":"open","ping_status":"closed","template":"","meta":[],"product_brand":[],"product_cat":[18],"product_tag":[],"class_list":{"0":"post-3528","1":"product","2":"type-product","3":"status-publish","4":"has-post-thumbnail","6":"product_cat-linea-hombre","8":"first","9":"instock","10":"shipping-taxable","11":"purchasable","12":"product-type-simple"},"yoast_head":"<!-- This site is optimized with the Yoast SEO plugin v27.4 - https:\/\/yoast.com\/product\/yoast-seo-wordpress\/ -->\n<title>Pack Pour Homme (3 unidades) | Tienda Caldaria<\/title>\n<meta name=\"robots\" content=\"index, follow, max-snippet:-1, max-image-preview:large, max-video-preview:-1\" \/>\n<link rel=\"canonical\" href=\"https:\/\/www.caldaria.es\/tienda\/producto\/pack-pour-homme-3-unidades\/\" \/>\n<meta property=\"og:locale\" content=\"es_ES\" \/>\n<meta property=\"og:type\" content=\"article\" \/>\n<meta property=\"og:title\" content=\"Pack Pour Homme (3 unidades) | Tienda Caldaria\" \/>\n<meta property=\"og:description\" content=\"After Shave Hidratante: Presentaci\u00f3n: 100cc El afeitado supone una agresi\u00f3n diaria para la piel masculina por ello disponemos de un after-shave que alivia y prepara la piel despu\u00e9s del afeitado incluso las pieles mas sensibles.  Fluido Hidratante:  Presentaci\u00f3n: 50cc El sol ,el frio y el aire estropean considerablemente la piel , tanto masculina como femenina, aunque la del hombre es mas resistente a las agresiones externas . De Balneis propone su tratamiento hidratante para restablecer la pel\u00edcula hidrolipidica y actuar como escudo frente a las agresiones del medio as\u00ed como las del afeitado diario. Aplicar sobre el rostro y el cuello dando ligeros masajes , insistiendo en las zonas donde la piel esta mas seca.  Fluido Relax Ocular: Presentaci\u00f3n: 50cc Fluido indicado para la zona orbicular de gran poder antinflamatorio y desintoxicante . Disminuye arrugas y aten\u00faa las bolsa de ojos y ojeras. Ideal para un bienestar inmediato sin ninguna sensaci\u00f3n de grasa. Aplicar en la zona peri orbicular con suave masaje.\" \/>\n<meta property=\"og:url\" content=\"https:\/\/www.caldaria.es\/tienda\/producto\/pack-pour-homme-3-unidades\/\" \/>\n<meta property=\"og:site_name\" content=\"Tienda Caldaria\" \/>\n<meta property=\"article:modified_time\" content=\"2020-06-09T08:54:56+00:00\" \/>\n<meta property=\"og:image\" content=\"https:\/\/www.caldaria.es\/tienda\/wp-content\/uploads\/2020\/02\/caldaria-debalneis-hombre-pack.jpg\" \/>\n\t<meta property=\"og:image:width\" content=\"600\" \/>\n\t<meta property=\"og:image:height\" content=\"803\" \/>\n\t<meta property=\"og:image:type\" content=\"image\/jpeg\" \/>\n<meta name=\"twitter:card\" content=\"summary_large_image\" \/>\n<script type=\"application\/ld+json\" class=\"yoast-schema-graph\">{\"@context\":\"https:\\\/\\\/schema.org\",\"@graph\":[{\"@type\":\"WebPage\",\"@id\":\"https:\\\/\\\/www.caldaria.es\\\/tienda\\\/producto\\\/pack-pour-homme-3-unidades\\\/\",\"url\":\"https:\\\/\\\/www.caldaria.es\\\/tienda\\\/producto\\\/pack-pour-homme-3-unidades\\\/\",\"name\":\"Pack Pour Homme (3 unidades) | Tienda Caldaria\",\"isPartOf\":{\"@id\":\"https:\\\/\\\/caldaria.ideit.es\\\/tienda\\\/#website\"},\"primaryImageOfPage\":{\"@id\":\"https:\\\/\\\/www.caldaria.es\\\/tienda\\\/producto\\\/pack-pour-homme-3-unidades\\\/#primaryimage\"},\"image\":{\"@id\":\"https:\\\/\\\/www.caldaria.es\\\/tienda\\\/producto\\\/pack-pour-homme-3-unidades\\\/#primaryimage\"},\"thumbnailUrl\":\"https:\\\/\\\/www.caldaria.es\\\/tienda\\\/wp-content\\\/uploads\\\/2020\\\/02\\\/caldaria-debalneis-hombre-pack.jpg\",\"datePublished\":\"2020-02-13T18:04:18+00:00\",\"dateModified\":\"2020-06-09T08:54:56+00:00\",\"breadcrumb\":{\"@id\":\"https:\\\/\\\/www.caldaria.es\\\/tienda\\\/producto\\\/pack-pour-homme-3-unidades\\\/#breadcrumb\"},\"inLanguage\":\"es\",\"potentialAction\":[{\"@type\":\"ReadAction\",\"target\":[\"https:\\\/\\\/www.caldaria.es\\\/tienda\\\/producto\\\/pack-pour-homme-3-unidades\\\/\"]}]},{\"@type\":\"ImageObject\",\"inLanguage\":\"es\",\"@id\":\"https:\\\/\\\/www.caldaria.es\\\/tienda\\\/producto\\\/pack-pour-homme-3-unidades\\\/#primaryimage\",\"url\":\"https:\\\/\\\/www.caldaria.es\\\/tienda\\\/wp-content\\\/uploads\\\/2020\\\/02\\\/caldaria-debalneis-hombre-pack.jpg\",\"contentUrl\":\"https:\\\/\\\/www.caldaria.es\\\/tienda\\\/wp-content\\\/uploads\\\/2020\\\/02\\\/caldaria-debalneis-hombre-pack.jpg\",\"width\":600,\"height\":803},{\"@type\":\"BreadcrumbList\",\"@id\":\"https:\\\/\\\/www.caldaria.es\\\/tienda\\\/producto\\\/pack-pour-homme-3-unidades\\\/#breadcrumb\",\"itemListElement\":[{\"@type\":\"ListItem\",\"position\":1,\"name\":\"Portada\",\"item\":\"https:\\\/\\\/caldaria.ideit.es\\\/tienda\\\/\"},{\"@type\":\"ListItem\",\"position\":2,\"name\":\"Tienda\",\"item\":\"https:\\\/\\\/caldaria.ideit.es\\\/tienda\\\/tienda\\\/\"},{\"@type\":\"ListItem\",\"position\":3,\"name\":\"Pack Pour Homme (3 unidades)\"}]},{\"@type\":\"WebSite\",\"@id\":\"https:\\\/\\\/caldaria.ideit.es\\\/tienda\\\/#website\",\"url\":\"https:\\\/\\\/caldaria.ideit.es\\\/tienda\\\/\",\"name\":\"Tienda Caldaria\",\"description\":\"\",\"potentialAction\":[{\"@type\":\"SearchAction\",\"target\":{\"@type\":\"EntryPoint\",\"urlTemplate\":\"https:\\\/\\\/caldaria.ideit.es\\\/tienda\\\/?s={search_term_string}\"},\"query-input\":{\"@type\":\"PropertyValueSpecification\",\"valueRequired\":true,\"valueName\":\"search_term_string\"}}],\"inLanguage\":\"es\"}]}<\/script>\n<!-- \/ Yoast SEO plugin. -->","yoast_head_json":{"title":"Pack Pour Homme (3 unidades) | Tienda Caldaria","robots":{"index":"index","follow":"follow","max-snippet":"max-snippet:-1","max-image-preview":"max-image-preview:large","max-video-preview":"max-video-preview:-1"},"canonical":"https:\/\/www.caldaria.es\/tienda\/producto\/pack-pour-homme-3-unidades\/","og_locale":"es_ES","og_type":"article","og_title":"Pack Pour Homme (3 unidades) | Tienda Caldaria","og_description":"After Shave Hidratante: Presentaci\u00f3n: 100cc El afeitado supone una agresi\u00f3n diaria para la piel masculina por ello disponemos de un after-shave que alivia y prepara la piel despu\u00e9s del afeitado incluso las pieles mas sensibles.  Fluido Hidratante:  Presentaci\u00f3n: 50cc El sol ,el frio y el aire estropean considerablemente la piel , tanto masculina como femenina, aunque la del hombre es mas resistente a las agresiones externas . De Balneis propone su tratamiento hidratante para restablecer la pel\u00edcula hidrolipidica y actuar como escudo frente a las agresiones del medio as\u00ed como las del afeitado diario. Aplicar sobre el rostro y el cuello dando ligeros masajes , insistiendo en las zonas donde la piel esta mas seca.  Fluido Relax Ocular: Presentaci\u00f3n: 50cc Fluido indicado para la zona orbicular de gran poder antinflamatorio y desintoxicante . Disminuye arrugas y aten\u00faa las bolsa de ojos y ojeras. Ideal para un bienestar inmediato sin ninguna sensaci\u00f3n de grasa. Aplicar en la zona peri orbicular con suave masaje.","og_url":"https:\/\/www.caldaria.es\/tienda\/producto\/pack-pour-homme-3-unidades\/","og_site_name":"Tienda Caldaria","article_modified_time":"2020-06-09T08:54:56+00:00","og_image":[{"width":600,"height":803,"url":"https:\/\/www.caldaria.es\/tienda\/wp-content\/uploads\/2020\/02\/caldaria-debalneis-hombre-pack.jpg","type":"image\/jpeg"}],"twitter_card":"summary_large_image","schema":{"@context":"https:\/\/schema.org","@graph":[{"@type":"WebPage","@id":"https:\/\/www.caldaria.es\/tienda\/producto\/pack-pour-homme-3-unidades\/","url":"https:\/\/www.caldaria.es\/tienda\/producto\/pack-pour-homme-3-unidades\/","name":"Pack Pour Homme (3 unidades) | Tienda Caldaria","isPartOf":{"@id":"https:\/\/caldaria.ideit.es\/tienda\/#website"},"primaryImageOfPage":{"@id":"https:\/\/www.caldaria.es\/tienda\/producto\/pack-pour-homme-3-unidades\/#primaryimage"},"image":{"@id":"https:\/\/www.caldaria.es\/tienda\/producto\/pack-pour-homme-3-unidades\/#primaryimage"},"thumbnailUrl":"https:\/\/www.caldaria.es\/tienda\/wp-content\/uploads\/2020\/02\/caldaria-debalneis-hombre-pack.jpg","datePublished":"2020-02-13T18:04:18+00:00","dateModified":"2020-06-09T08:54:56+00:00","breadcrumb":{"@id":"https:\/\/www.caldaria.es\/tienda\/producto\/pack-pour-homme-3-unidades\/#breadcrumb"},"inLanguage":"es","potentialAction":[{"@type":"ReadAction","target":["https:\/\/www.caldaria.es\/tienda\/producto\/pack-pour-homme-3-unidades\/"]}]},{"@type":"ImageObject","inLanguage":"es","@id":"https:\/\/www.caldaria.es\/tienda\/producto\/pack-pour-homme-3-unidades\/#primaryimage","url":"https:\/\/www.caldaria.es\/tienda\/wp-content\/uploads\/2020\/02\/caldaria-debalneis-hombre-pack.jpg","contentUrl":"https:\/\/www.caldaria.es\/tienda\/wp-content\/uploads\/2020\/02\/caldaria-debalneis-hombre-pack.jpg","width":600,"height":803},{"@type":"BreadcrumbList","@id":"https:\/\/www.caldaria.es\/tienda\/producto\/pack-pour-homme-3-unidades\/#breadcrumb","itemListElement":[{"@type":"ListItem","position":1,"name":"Portada","item":"https:\/\/caldaria.ideit.es\/tienda\/"},{"@type":"ListItem","position":2,"name":"Tienda","item":"https:\/\/caldaria.ideit.es\/tienda\/tienda\/"},{"@type":"ListItem","position":3,"name":"Pack Pour Homme (3 unidades)"}]},{"@type":"WebSite","@id":"https:\/\/caldaria.ideit.es\/tienda\/#website","url":"https:\/\/caldaria.ideit.es\/tienda\/","name":"Tienda Caldaria","description":"","potentialAction":[{"@type":"SearchAction","target":{"@type":"EntryPoint","urlTemplate":"https:\/\/caldaria.ideit.es\/tienda\/?s={search_term_string}"},"query-input":{"@type":"PropertyValueSpecification","valueRequired":true,"valueName":"search_term_string"}}],"inLanguage":"es"}]}},"jetpack_sharing_enabled":true,"_links":{"self":[{"href":"https:\/\/www.caldaria.es\/tienda\/wp-json\/wp\/v2\/product\/3528","targetHints":{"allow":["GET"]}}],"collection":[{"href":"https:\/\/www.caldaria.es\/tienda\/wp-json\/wp\/v2\/product"}],"about":[{"href":"https:\/\/www.caldaria.es\/tienda\/wp-json\/wp\/v2\/types\/product"}],"replies":[{"embeddable":true,"href":"https:\/\/www.caldaria.es\/tienda\/wp-json\/wp\/v2\/comments?post=3528"}],"wp:featuredmedia":[{"embeddable":true,"href":"https:\/\/www.caldaria.es\/tienda\/wp-json\/wp\/v2\/media\/3529"}],"wp:attachment":[{"href":"https:\/\/www.caldaria.es\/tienda\/wp-json\/wp\/v2\/media?parent=3528"}],"wp:term":[{"taxonomy":"product_brand","embeddable":true,"href":"https:\/\/www.caldaria.es\/tienda\/wp-json\/wp\/v2\/product_brand?post=3528"},{"taxonomy":"product_cat","embeddable":true,"href":"https:\/\/www.caldaria.es\/tienda\/wp-json\/wp\/v2\/product_cat?post=3528"},{"taxonomy":"product_tag","embeddable":true,"href":"https:\/\/www.caldaria.es\/tienda\/wp-json\/wp\/v2\/product_tag?post=3528"}],"curies":[{"name":"wp","href":"https:\/\/api.w.org\/{rel}","templated":true}]}}