{"id":4372,"date":"2021-05-27T13:06:51","date_gmt":"2021-05-27T11:06:51","guid":{"rendered":"https:\/\/www.caldaria.es\/tienda\/?page_id=4372"},"modified":"2023-03-06T09:58:06","modified_gmt":"2023-03-06T08:58:06","slug":"ecobarco-privado-laias","status":"publish","type":"page","link":"https:\/\/www.caldaria.es\/tienda\/ecobarco-privado-laias\/","title":{"rendered":"Reserve su paseo Privado en EcoBarco do Ribeiro &#8211; Laias"},"content":{"rendered":"<div class=\"wpb-content-wrapper\"><p>[vc_row][vc_column][vc_column_text]<script>\n  if (typeof hasAmeliaAppointment === 'undefined') {\n    var hasAmeliaAppointment = true;\n  }\n  if (typeof hasAppointmentApiCall === 'undefined' && '' === '') {\n    var hasAppointmentApiCall = true;\n  }\n  var bookingEntitiesIds = (typeof bookingEntitiesIds === 'undefined') ? [] : bookingEntitiesIds;\n  bookingEntitiesIds.push(\n    {\n      'hasApiCall': (typeof hasAppointmentApiCall !== 'undefined') && hasAppointmentApiCall,\n      'trigger': '',\n      'counter': '0',\n      'service': '11',\n      'employee': '3',\n      'location': '2'\n    }\n  );\n  var lazyBookingEntitiesIds = (typeof lazyBookingEntitiesIds === 'undefined') ? [] : lazyBookingEntitiesIds;\n  if (bookingEntitiesIds[bookingEntitiesIds.length - 1].trigger !== '') {\n    lazyBookingEntitiesIds.push(bookingEntitiesIds.pop());\n  }\n  if (typeof hasAppointmentApiCall !== 'undefined' && hasAppointmentApiCall) {\n    hasAppointmentApiCall = false;\n  }\n<\/script>\n\n<div id=\"amelia-app-booking0\" class=\"amelia-service amelia-frontend amelia-app-booking\">\n  <service><\/service>\n<\/div>\n[\/vc_column_text][\/vc_column][\/vc_row][vc_row row_content_width=\u00bbgrid\u00bb][vc_column width=\u00bb1\/6&#8243;][vc_column_text][\/vc_column_text][\/vc_column][vc_column width=\u00bb4\/6&#8243;][vc_column_text]<\/p>\n<h4 style=\"text-align: center;\">Maravilloso paseo a bordo del <strong>Ecobarco do Ribeiro<\/strong> a trav\u00e9s de uno de los tramos del R\u00edo Mi\u00f1o m\u00e1s rico en patrimonio hist\u00f3rico, cultural y natural.<\/h4>\n<p>&nbsp;<\/p>\n<p>Actividad ecoenotur\u00edstica que <b>permite conocer mejor el nacimiento de la denominaci\u00f3n de origen de vino m\u00e1s antigua de Galicia<\/b>, la segunda de Espa\u00f1a y una de las de mayor trayectoria hist\u00f3rica de Europa. Actividad cien por cien respetuosa con el <b>medioambiente<\/b> que utiliza una innovadora embarcaci\u00f3n el\u00e9ctrica, de emisiones 0, cuyo impacto en t\u00e9rminos de ruido ambiental que afecta a la fauna y flora es m\u00ednimo y con una huella de carbono cero debido a que la emisi\u00f3n de di\u00f3xido de carbono del trayecto es cero.<\/p>\n<p>&nbsp;<\/p>\n<p>M\u00e1s informaci\u00f3n en <a href=\"http:\/\/ecobarco.es\">www.ecobarco.es<\/a><\/p>\n<p>&nbsp;<\/p>\n<p>Consulte condiciones en <a href=\"tel: 988280406\">988 28 04 06<\/a> o bien en el correo <a href=\"mailto:reservas@caldaria.es\">reservas@caldaria.es<\/a>[\/vc_column_text][\/vc_column][vc_column width=\u00bb1\/6&#8243;][\/vc_column][\/vc_row]<\/p>\n<\/div>","protected":false},"excerpt":{"rendered":"<p>[vc_row][vc_column][vc_column_text][\/vc_column_text][\/vc_column][\/vc_row][vc_row row_content_width=\u00bbgrid\u00bb][vc_column width=\u00bb1\/6&#8243;][vc_column_text][\/vc_column_text][\/vc_column][vc_column width=\u00bb4\/6&#8243;][vc_column_text] Maravilloso paseo a bordo del Ecobarco do Ribeiro a trav\u00e9s de uno de los tramos del R\u00edo Mi\u00f1o m\u00e1s rico en patrimonio hist\u00f3rico, cultural y natural. &nbsp; Actividad ecoenotur\u00edstica que permite conocer mejor el nacimiento de [&hellip;]<\/p>\n","protected":false},"author":25,"featured_media":0,"parent":0,"menu_order":0,"comment_status":"closed","ping_status":"closed","template":"full-width.php","meta":{"footnotes":""},"class_list":["post-4372","page","type-page","status-publish","hentry"],"yoast_head":"<!-- This site is optimized with the Yoast SEO plugin v27.3 - https:\/\/yoast.com\/product\/yoast-seo-wordpress\/ -->\n<title>Reserve su paseo Privado en EcoBarco do Ribeiro - Laias | Tienda Caldaria<\/title>\n<meta name=\"robots\" content=\"index, follow, max-snippet:-1, max-image-preview:large, max-video-preview:-1\" \/>\n<link rel=\"canonical\" href=\"https:\/\/www.caldaria.es\/tienda\/ecobarco-privado-laias\/\" \/>\n<meta property=\"og:locale\" content=\"es_ES\" \/>\n<meta property=\"og:type\" content=\"article\" \/>\n<meta property=\"og:title\" content=\"Reserve su paseo Privado en EcoBarco do Ribeiro - Laias | Tienda Caldaria\" \/>\n<meta property=\"og:description\" content=\"[vc_row][vc_column][vc_column_text][\/vc_column_text][\/vc_column][\/vc_row][vc_row row_content_width=\u00bbgrid\u00bb][vc_column width=\u00bb1\/6&#8243;][vc_column_text][\/vc_column_text][\/vc_column][vc_column width=\u00bb4\/6&#8243;][vc_column_text] Maravilloso paseo a bordo del Ecobarco do Ribeiro a trav\u00e9s de uno de los tramos del R\u00edo Mi\u00f1o m\u00e1s rico en patrimonio hist\u00f3rico, cultural y natural. &nbsp; Actividad ecoenotur\u00edstica que permite conocer mejor el nacimiento de [&hellip;]\" \/>\n<meta property=\"og:url\" content=\"https:\/\/www.caldaria.es\/tienda\/ecobarco-privado-laias\/\" \/>\n<meta property=\"og:site_name\" content=\"Tienda Caldaria\" \/>\n<meta property=\"article:modified_time\" content=\"2023-03-06T08:58:06+00:00\" \/>\n<meta name=\"twitter:card\" content=\"summary_large_image\" \/>\n<meta name=\"twitter:label1\" content=\"Tiempo de lectura\" \/>\n\t<meta name=\"twitter:data1\" content=\"1 minuto\" \/>\n<script type=\"application\/ld+json\" class=\"yoast-schema-graph\">{\"@context\":\"https:\\\/\\\/schema.org\",\"@graph\":[{\"@type\":\"WebPage\",\"@id\":\"https:\\\/\\\/www.caldaria.es\\\/tienda\\\/ecobarco-privado-laias\\\/\",\"url\":\"https:\\\/\\\/www.caldaria.es\\\/tienda\\\/ecobarco-privado-laias\\\/\",\"name\":\"Reserve su paseo Privado en EcoBarco do Ribeiro - Laias | Tienda Caldaria\",\"isPartOf\":{\"@id\":\"https:\\\/\\\/caldaria.ideit.es\\\/tienda\\\/#website\"},\"datePublished\":\"2021-05-27T11:06:51+00:00\",\"dateModified\":\"2023-03-06T08:58:06+00:00\",\"breadcrumb\":{\"@id\":\"https:\\\/\\\/www.caldaria.es\\\/tienda\\\/ecobarco-privado-laias\\\/#breadcrumb\"},\"inLanguage\":\"es\",\"potentialAction\":[{\"@type\":\"ReadAction\",\"target\":[\"https:\\\/\\\/www.caldaria.es\\\/tienda\\\/ecobarco-privado-laias\\\/\"]}]},{\"@type\":\"BreadcrumbList\",\"@id\":\"https:\\\/\\\/www.caldaria.es\\\/tienda\\\/ecobarco-privado-laias\\\/#breadcrumb\",\"itemListElement\":[{\"@type\":\"ListItem\",\"position\":1,\"name\":\"Portada\",\"item\":\"https:\\\/\\\/caldaria.ideit.es\\\/tienda\\\/\"},{\"@type\":\"ListItem\",\"position\":2,\"name\":\"Reserve su paseo Privado en EcoBarco do Ribeiro &#8211; Laias\"}]},{\"@type\":\"WebSite\",\"@id\":\"https:\\\/\\\/caldaria.ideit.es\\\/tienda\\\/#website\",\"url\":\"https:\\\/\\\/caldaria.ideit.es\\\/tienda\\\/\",\"name\":\"Tienda Caldaria\",\"description\":\"\",\"potentialAction\":[{\"@type\":\"SearchAction\",\"target\":{\"@type\":\"EntryPoint\",\"urlTemplate\":\"https:\\\/\\\/caldaria.ideit.es\\\/tienda\\\/?s={search_term_string}\"},\"query-input\":{\"@type\":\"PropertyValueSpecification\",\"valueRequired\":true,\"valueName\":\"search_term_string\"}}],\"inLanguage\":\"es\"}]}<\/script>\n<!-- \/ Yoast SEO plugin. -->","yoast_head_json":{"title":"Reserve su paseo Privado en EcoBarco do Ribeiro - Laias | Tienda Caldaria","robots":{"index":"index","follow":"follow","max-snippet":"max-snippet:-1","max-image-preview":"max-image-preview:large","max-video-preview":"max-video-preview:-1"},"canonical":"https:\/\/www.caldaria.es\/tienda\/ecobarco-privado-laias\/","og_locale":"es_ES","og_type":"article","og_title":"Reserve su paseo Privado en EcoBarco do Ribeiro - Laias | Tienda Caldaria","og_description":"[vc_row][vc_column][vc_column_text][\/vc_column_text][\/vc_column][\/vc_row][vc_row row_content_width=\u00bbgrid\u00bb][vc_column width=\u00bb1\/6&#8243;][vc_column_text][\/vc_column_text][\/vc_column][vc_column width=\u00bb4\/6&#8243;][vc_column_text] Maravilloso paseo a bordo del Ecobarco do Ribeiro a trav\u00e9s de uno de los tramos del R\u00edo Mi\u00f1o m\u00e1s rico en patrimonio hist\u00f3rico, cultural y natural. &nbsp; Actividad ecoenotur\u00edstica que permite conocer mejor el nacimiento de [&hellip;]","og_url":"https:\/\/www.caldaria.es\/tienda\/ecobarco-privado-laias\/","og_site_name":"Tienda Caldaria","article_modified_time":"2023-03-06T08:58:06+00:00","twitter_card":"summary_large_image","twitter_misc":{"Tiempo de lectura":"1 minuto"},"schema":{"@context":"https:\/\/schema.org","@graph":[{"@type":"WebPage","@id":"https:\/\/www.caldaria.es\/tienda\/ecobarco-privado-laias\/","url":"https:\/\/www.caldaria.es\/tienda\/ecobarco-privado-laias\/","name":"Reserve su paseo Privado en EcoBarco do Ribeiro - Laias | Tienda Caldaria","isPartOf":{"@id":"https:\/\/caldaria.ideit.es\/tienda\/#website"},"datePublished":"2021-05-27T11:06:51+00:00","dateModified":"2023-03-06T08:58:06+00:00","breadcrumb":{"@id":"https:\/\/www.caldaria.es\/tienda\/ecobarco-privado-laias\/#breadcrumb"},"inLanguage":"es","potentialAction":[{"@type":"ReadAction","target":["https:\/\/www.caldaria.es\/tienda\/ecobarco-privado-laias\/"]}]},{"@type":"BreadcrumbList","@id":"https:\/\/www.caldaria.es\/tienda\/ecobarco-privado-laias\/#breadcrumb","itemListElement":[{"@type":"ListItem","position":1,"name":"Portada","item":"https:\/\/caldaria.ideit.es\/tienda\/"},{"@type":"ListItem","position":2,"name":"Reserve su paseo Privado en EcoBarco do Ribeiro &#8211; Laias"}]},{"@type":"WebSite","@id":"https:\/\/caldaria.ideit.es\/tienda\/#website","url":"https:\/\/caldaria.ideit.es\/tienda\/","name":"Tienda Caldaria","description":"","potentialAction":[{"@type":"SearchAction","target":{"@type":"EntryPoint","urlTemplate":"https:\/\/caldaria.ideit.es\/tienda\/?s={search_term_string}"},"query-input":{"@type":"PropertyValueSpecification","valueRequired":true,"valueName":"search_term_string"}}],"inLanguage":"es"}]}},"jetpack_sharing_enabled":true,"_links":{"self":[{"href":"https:\/\/www.caldaria.es\/tienda\/wp-json\/wp\/v2\/pages\/4372","targetHints":{"allow":["GET"]}}],"collection":[{"href":"https:\/\/www.caldaria.es\/tienda\/wp-json\/wp\/v2\/pages"}],"about":[{"href":"https:\/\/www.caldaria.es\/tienda\/wp-json\/wp\/v2\/types\/page"}],"author":[{"embeddable":true,"href":"https:\/\/www.caldaria.es\/tienda\/wp-json\/wp\/v2\/users\/25"}],"replies":[{"embeddable":true,"href":"https:\/\/www.caldaria.es\/tienda\/wp-json\/wp\/v2\/comments?post=4372"}],"version-history":[{"count":12,"href":"https:\/\/www.caldaria.es\/tienda\/wp-json\/wp\/v2\/pages\/4372\/revisions"}],"predecessor-version":[{"id":5730,"href":"https:\/\/www.caldaria.es\/tienda\/wp-json\/wp\/v2\/pages\/4372\/revisions\/5730"}],"wp:attachment":[{"href":"https:\/\/www.caldaria.es\/tienda\/wp-json\/wp\/v2\/media?parent=4372"}],"curies":[{"name":"wp","href":"https:\/\/api.w.org\/{rel}","templated":true}]}}