{"id":3823,"date":"2020-02-27T10:33:07","date_gmt":"2020-02-27T10:33:07","guid":{"rendered":"https:\/\/www.caldaria.es\/tienda\/?page_id=3823"},"modified":"2020-02-28T15:09:34","modified_gmt":"2020-02-28T15:09:34","slug":"guia-de-la-compra","status":"publish","type":"page","link":"https:\/\/www.caldaria.es\/tienda\/guia-de-la-compra\/","title":{"rendered":"Gu\u00eda de la compra &#8211; Devoluciones"},"content":{"rendered":"<div class=\"wpb-content-wrapper\"><p>[vc_row equal_height=\u00bbyes\u00bb simple_background_image_repeat=\u00bbno-repeat\u00bb disable_background_image=\u00bb\u00bb css=\u00bb.vc_custom_1582798542779{padding-top: 145px !important;padding-bottom: 132px !important;}\u00bb simple_background_image=\u00bb3723&#8243; background_image_position=\u00bbbottom left\u00bb][vc_column width=\u00bb1\/4&#8243;][\/vc_column][vc_column width=\u00bb1\/2&#8243;]<div class=\"mkdf-elements-holder   mkdf-one-column  mkdf-responsive-mode-768 \" ><div class=\"mkdf-eh-item   mkdf-horizontal-alignment-center  \" data-item-class=\"mkdf-eh-custom-7184\" data-1025-1399=\"0px 0px 0px 0px\" data-769-1024=\"0px 0px 0px 0px\" data-681-768=\"0px 0px 0px 0px\" data-680=\"0px 0px 0px 0px\">\n\t<div class=\"mkdf-eh-background-holder\"  ><\/div>\n\t<div class=\"mkdf-eh-item-inner\">\n\t\t<div class=\"mkdf-eh-item-content mkdf-eh-custom-7184\" style=\"padding: 0px 70px 0px 70px\">\n\t\t\t<div class=\"mkdf-section-title-holder  mkdf-st-top-tagline-position mkdf-st-center-position mkdf-st-bottom-image-position \" style=\"text-align: center\">\n\t<div class=\"mkdf-st-inner\">\n\t\t\t\t\t\t\t<span class=\"mkdf-st-tagline\" style=\"color: #c88e23;margin-bottom: 0px\">\n\t\t\t\ttienda online\t\t\t<\/span>\n\t\t\t\t\t\t\t<h2 class=\"mkdf-st-title\" >\n\t\t\t\tcondiciones generales de venta\t\t\t<\/h2>\n\t\t\t\t\t\t\t\t\t<p class=\"mkdf-st-text\" style=\"line-height: 20px;margin-top: 12px\">\n\t\t\t\tLas presentes condiciones generales de venta regulan \u00fanicamente las ventas de productos ofertados en nuestra p\u00e1gina web www.caldaria.es (en adelante \u201cweb\u201d). \u00daltima actualizaci\u00f3n: 15\/02\/2020.\t\t\t<\/p>\n\t\t\t\t\t\t\t\t\t<\/div>\n<\/div>\t\t<\/div>\n\t\t\t<\/div>\n<\/div><\/div>[\/vc_column][vc_column width=\u00bb1\/4&#8243;][\/vc_column][\/vc_row][vc_row row_content_width=\u00bbgrid\u00bb css=\u00bb.vc_custom_1582798648392{padding-top: 64px !important;padding-bottom: 64px !important;}\u00bb][vc_column][vc_column_text]Denominaci\u00f3n Social: Caldaria Termal SLU<br \/>\nNombre Comercial: Caldaria Hoteles y Balnearios<br \/>\nDomicilio Social: Avenida de Pontevedra 5, 1o \u2013 32005 Ourense<br \/>\nCIF: B32191348<\/p>\n<h3>Compra del Producto<\/h3>\n<p>1) Seleccione de entre los productos disponibles en la tienda aquellos que desee adquirir y a\u00f1\u00e1dalos a la cesta.<br \/>\n2) Para finalizar la compra, haga clic en \u00abver carrito\u00bb, introduzca los datos necesarios para realizar la compra (env\u00edo, regalo, etc) y pulse \u00abfinalizar compra\u00bb.<br \/>\n3) Ser\u00e1 redirigido a la pasarela del m\u00e9todo de pago. Introduzca los datos de tarjeta necesarios para realizar el pago, as\u00ed como otros datos de seguridad.<\/p>\n<h3>Pago<\/h3>\n<p>El pago de los pedidos realizados a trav\u00e9s de la web ser\u00e1n abonados con tarjeta bancaria (VISA, Mastercard).<br \/>\nEl pago mediante tarjeta bancaria es totalmente seguro. Toda la transacci\u00f3n se realiza de forma cifrada con el protocolo de encriptaci\u00f3n SSL.<\/p>\n<h3>Entrega<\/h3>\n<p>a) Los bonos y\/o tarjetas para regalo le ser\u00e1n enviados al correo electr\u00f3nico indicado por el comprador a tal efecto en el momento de la compra o en las siguientes 48 horas.<br \/>\nb) Las tarjetas access y B6 ser\u00e1n entregadas al cliente en el momento del disfrute del primer servicio, debiendo presentar el justificante de la compra de las mismas.<br \/>\nc) Los productos cosm\u00e9ticos de la l\u00ednea De Balneis ser\u00e1n enviados por mensajero al domicilio indicado en el momento de la compra (dicho domicilio deber\u00e1 estar en los territorios de Espa\u00f1a o Portugal) en un plazo de 24-48 horas desde que se complete el pedido.<\/p>\n<h3>Devoluci\u00f3n<\/h3>\n<p>a) Los bonos y tarjetas no admiten devoluci\u00f3n, ya que debido a que tienen una fecha de validez superior a tres meses, se puede modificar la fecha de disfrute hasta su fecha tope.<br \/>\nb) Los productos cosm\u00e9ticos de la l\u00ednea De Balneis, en el caso de que una vez recibidos no se encuentren en las condiciones correctas por rotura o deterioro ser\u00e1n cambiados por otro producto igual.<\/p>\n<p>El cliente deber\u00e1 de ponerse en contacto a trav\u00e9s del email tiendaonline@caldaria.es para comunicar dicha incidencia y seguir las instrucciones del departamento de atenci\u00f3n al cliente para proceder a la devoluci\u00f3n.[\/vc_column_text][\/vc_column][\/vc_row]<\/p>\n<\/div>","protected":false},"excerpt":{"rendered":"<p>[vc_row equal_height=\u00bbyes\u00bb simple_background_image_repeat=\u00bbno-repeat\u00bb disable_background_image=\u00bb\u00bb css=\u00bb.vc_custom_1582798542779{padding-top: 145px !important;padding-bottom: 132px !important;}\u00bb simple_background_image=\u00bb3723&#8243; background_image_position=\u00bbbottom left\u00bb][vc_column width=\u00bb1\/4&#8243;][\/vc_column][vc_column width=\u00bb1\/2&#8243;][\/vc_column][vc_column width=\u00bb1\/4&#8243;][\/vc_column][\/vc_row][vc_row row_content_width=\u00bbgrid\u00bb css=\u00bb.vc_custom_1582798648392{padding-top: 64px !important;padding-bottom: 64px !important;}\u00bb][vc_column][vc_column_text]Denominaci\u00f3n Social: Caldaria Termal SLU Nombre Comercial: Caldaria Hoteles y Balnearios Domicilio Social: Avenida de Pontevedra 5, 1o \u2013 32005 [&hellip;]<\/p>\n","protected":false},"author":2,"featured_media":0,"parent":0,"menu_order":0,"comment_status":"closed","ping_status":"closed","template":"full-width.php","meta":{"footnotes":""},"class_list":["post-3823","page","type-page","status-publish","hentry"],"yoast_head":"<!-- This site is optimized with the Yoast SEO plugin v27.3 - https:\/\/yoast.com\/product\/yoast-seo-wordpress\/ -->\n<title>Gu\u00eda de la compra - Devoluciones | Tienda Caldaria<\/title>\n<meta name=\"robots\" content=\"index, follow, max-snippet:-1, max-image-preview:large, max-video-preview:-1\" \/>\n<link rel=\"canonical\" href=\"https:\/\/caldaria.ideit.es\/tienda\/guia-de-la-compra\/\" \/>\n<meta property=\"og:locale\" content=\"es_ES\" \/>\n<meta property=\"og:type\" content=\"article\" \/>\n<meta property=\"og:title\" content=\"Gu\u00eda de la compra - Devoluciones | Tienda Caldaria\" \/>\n<meta property=\"og:description\" content=\"[vc_row equal_height=\u00bbyes\u00bb simple_background_image_repeat=\u00bbno-repeat\u00bb disable_background_image=\u00bb\u00bb css=\u00bb.vc_custom_1582798542779{padding-top: 145px !important;padding-bottom: 132px !important;}\u00bb simple_background_image=\u00bb3723&#8243; background_image_position=\u00bbbottom left\u00bb][vc_column width=\u00bb1\/4&#8243;][\/vc_column][vc_column width=\u00bb1\/2&#8243;][\/vc_column][vc_column width=\u00bb1\/4&#8243;][\/vc_column][\/vc_row][vc_row row_content_width=\u00bbgrid\u00bb css=\u00bb.vc_custom_1582798648392{padding-top: 64px !important;padding-bottom: 64px !important;}\u00bb][vc_column][vc_column_text]Denominaci\u00f3n Social: Caldaria Termal SLU Nombre Comercial: Caldaria Hoteles y Balnearios Domicilio Social: Avenida de Pontevedra 5, 1o \u2013 32005 [&hellip;]\" \/>\n<meta property=\"og:url\" content=\"https:\/\/caldaria.ideit.es\/tienda\/guia-de-la-compra\/\" \/>\n<meta property=\"og:site_name\" content=\"Tienda Caldaria\" \/>\n<meta property=\"article:modified_time\" content=\"2020-02-28T15:09:34+00:00\" \/>\n<meta name=\"twitter:card\" content=\"summary_large_image\" \/>\n<meta name=\"twitter:label1\" content=\"Tiempo de lectura\" \/>\n\t<meta name=\"twitter:data1\" content=\"3 minutos\" \/>\n<script type=\"application\/ld+json\" class=\"yoast-schema-graph\">{\"@context\":\"https:\\\/\\\/schema.org\",\"@graph\":[{\"@type\":\"WebPage\",\"@id\":\"https:\\\/\\\/caldaria.ideit.es\\\/tienda\\\/guia-de-la-compra\\\/\",\"url\":\"https:\\\/\\\/caldaria.ideit.es\\\/tienda\\\/guia-de-la-compra\\\/\",\"name\":\"Gu\u00eda de la compra - Devoluciones | Tienda Caldaria\",\"isPartOf\":{\"@id\":\"https:\\\/\\\/caldaria.ideit.es\\\/tienda\\\/#website\"},\"datePublished\":\"2020-02-27T10:33:07+00:00\",\"dateModified\":\"2020-02-28T15:09:34+00:00\",\"breadcrumb\":{\"@id\":\"https:\\\/\\\/caldaria.ideit.es\\\/tienda\\\/guia-de-la-compra\\\/#breadcrumb\"},\"inLanguage\":\"es\",\"potentialAction\":[{\"@type\":\"ReadAction\",\"target\":[\"https:\\\/\\\/caldaria.ideit.es\\\/tienda\\\/guia-de-la-compra\\\/\"]}]},{\"@type\":\"BreadcrumbList\",\"@id\":\"https:\\\/\\\/caldaria.ideit.es\\\/tienda\\\/guia-de-la-compra\\\/#breadcrumb\",\"itemListElement\":[{\"@type\":\"ListItem\",\"position\":1,\"name\":\"Portada\",\"item\":\"https:\\\/\\\/caldaria.ideit.es\\\/tienda\\\/\"},{\"@type\":\"ListItem\",\"position\":2,\"name\":\"Gu\u00eda de la compra &#8211; Devoluciones\"}]},{\"@type\":\"WebSite\",\"@id\":\"https:\\\/\\\/caldaria.ideit.es\\\/tienda\\\/#website\",\"url\":\"https:\\\/\\\/caldaria.ideit.es\\\/tienda\\\/\",\"name\":\"Tienda Caldaria\",\"description\":\"\",\"potentialAction\":[{\"@type\":\"SearchAction\",\"target\":{\"@type\":\"EntryPoint\",\"urlTemplate\":\"https:\\\/\\\/caldaria.ideit.es\\\/tienda\\\/?s={search_term_string}\"},\"query-input\":{\"@type\":\"PropertyValueSpecification\",\"valueRequired\":true,\"valueName\":\"search_term_string\"}}],\"inLanguage\":\"es\"}]}<\/script>\n<!-- \/ Yoast SEO plugin. -->","yoast_head_json":{"title":"Gu\u00eda de la compra - Devoluciones | Tienda Caldaria","robots":{"index":"index","follow":"follow","max-snippet":"max-snippet:-1","max-image-preview":"max-image-preview:large","max-video-preview":"max-video-preview:-1"},"canonical":"https:\/\/caldaria.ideit.es\/tienda\/guia-de-la-compra\/","og_locale":"es_ES","og_type":"article","og_title":"Gu\u00eda de la compra - Devoluciones | Tienda Caldaria","og_description":"[vc_row equal_height=\u00bbyes\u00bb simple_background_image_repeat=\u00bbno-repeat\u00bb disable_background_image=\u00bb\u00bb css=\u00bb.vc_custom_1582798542779{padding-top: 145px !important;padding-bottom: 132px !important;}\u00bb simple_background_image=\u00bb3723&#8243; background_image_position=\u00bbbottom left\u00bb][vc_column width=\u00bb1\/4&#8243;][\/vc_column][vc_column width=\u00bb1\/2&#8243;][\/vc_column][vc_column width=\u00bb1\/4&#8243;][\/vc_column][\/vc_row][vc_row row_content_width=\u00bbgrid\u00bb css=\u00bb.vc_custom_1582798648392{padding-top: 64px !important;padding-bottom: 64px !important;}\u00bb][vc_column][vc_column_text]Denominaci\u00f3n Social: Caldaria Termal SLU Nombre Comercial: Caldaria Hoteles y Balnearios Domicilio Social: Avenida de Pontevedra 5, 1o \u2013 32005 [&hellip;]","og_url":"https:\/\/caldaria.ideit.es\/tienda\/guia-de-la-compra\/","og_site_name":"Tienda Caldaria","article_modified_time":"2020-02-28T15:09:34+00:00","twitter_card":"summary_large_image","twitter_misc":{"Tiempo de lectura":"3 minutos"},"schema":{"@context":"https:\/\/schema.org","@graph":[{"@type":"WebPage","@id":"https:\/\/caldaria.ideit.es\/tienda\/guia-de-la-compra\/","url":"https:\/\/caldaria.ideit.es\/tienda\/guia-de-la-compra\/","name":"Gu\u00eda de la compra - Devoluciones | Tienda Caldaria","isPartOf":{"@id":"https:\/\/caldaria.ideit.es\/tienda\/#website"},"datePublished":"2020-02-27T10:33:07+00:00","dateModified":"2020-02-28T15:09:34+00:00","breadcrumb":{"@id":"https:\/\/caldaria.ideit.es\/tienda\/guia-de-la-compra\/#breadcrumb"},"inLanguage":"es","potentialAction":[{"@type":"ReadAction","target":["https:\/\/caldaria.ideit.es\/tienda\/guia-de-la-compra\/"]}]},{"@type":"BreadcrumbList","@id":"https:\/\/caldaria.ideit.es\/tienda\/guia-de-la-compra\/#breadcrumb","itemListElement":[{"@type":"ListItem","position":1,"name":"Portada","item":"https:\/\/caldaria.ideit.es\/tienda\/"},{"@type":"ListItem","position":2,"name":"Gu\u00eda de la compra &#8211; Devoluciones"}]},{"@type":"WebSite","@id":"https:\/\/caldaria.ideit.es\/tienda\/#website","url":"https:\/\/caldaria.ideit.es\/tienda\/","name":"Tienda Caldaria","description":"","potentialAction":[{"@type":"SearchAction","target":{"@type":"EntryPoint","urlTemplate":"https:\/\/caldaria.ideit.es\/tienda\/?s={search_term_string}"},"query-input":{"@type":"PropertyValueSpecification","valueRequired":true,"valueName":"search_term_string"}}],"inLanguage":"es"}]}},"jetpack_sharing_enabled":true,"_links":{"self":[{"href":"https:\/\/www.caldaria.es\/tienda\/wp-json\/wp\/v2\/pages\/3823","targetHints":{"allow":["GET"]}}],"collection":[{"href":"https:\/\/www.caldaria.es\/tienda\/wp-json\/wp\/v2\/pages"}],"about":[{"href":"https:\/\/www.caldaria.es\/tienda\/wp-json\/wp\/v2\/types\/page"}],"author":[{"embeddable":true,"href":"https:\/\/www.caldaria.es\/tienda\/wp-json\/wp\/v2\/users\/2"}],"replies":[{"embeddable":true,"href":"https:\/\/www.caldaria.es\/tienda\/wp-json\/wp\/v2\/comments?post=3823"}],"version-history":[{"count":4,"href":"https:\/\/www.caldaria.es\/tienda\/wp-json\/wp\/v2\/pages\/3823\/revisions"}],"predecessor-version":[{"id":3825,"href":"https:\/\/www.caldaria.es\/tienda\/wp-json\/wp\/v2\/pages\/3823\/revisions\/3825"}],"wp:attachment":[{"href":"https:\/\/www.caldaria.es\/tienda\/wp-json\/wp\/v2\/media?parent=3823"}],"curies":[{"name":"wp","href":"https:\/\/api.w.org\/{rel}","templated":true}]}}