{"id":3818,"date":"2020-02-27T10:22:17","date_gmt":"2020-02-27T10:22:17","guid":{"rendered":"https:\/\/www.caldaria.es\/tienda\/?page_id=3818"},"modified":"2020-02-27T10:34:52","modified_gmt":"2020-02-27T10:34:52","slug":"proteccion-de-datos","status":"publish","type":"page","link":"https:\/\/www.caldaria.es\/tienda\/proteccion-de-datos\/","title":{"rendered":"Protecci\u00f3n de datos"},"content":{"rendered":"<div class=\"wpb-content-wrapper\"><p>[vc_row equal_height=\u00bbyes\u00bb simple_background_image_repeat=\u00bbno-repeat\u00bb disable_background_image=\u00bb\u00bb css=\u00bb.vc_custom_1582798542779{padding-top: 145px !important;padding-bottom: 132px !important;}\u00bb simple_background_image=\u00bb3723&#8243; background_image_position=\u00bbbottom left\u00bb][vc_column width=\u00bb1\/4&#8243;][\/vc_column][vc_column width=\u00bb1\/2&#8243;]<div class=\"mkdf-elements-holder   mkdf-one-column  mkdf-responsive-mode-768 \" ><div class=\"mkdf-eh-item   mkdf-horizontal-alignment-center  \" data-item-class=\"mkdf-eh-custom-8152\" data-1025-1399=\"0px 0px 0px 0px\" data-769-1024=\"0px 0px 0px 0px\" data-681-768=\"0px 0px 0px 0px\" data-680=\"0px 0px 0px 0px\">\n\t<div class=\"mkdf-eh-background-holder\"  ><\/div>\n\t<div class=\"mkdf-eh-item-inner\">\n\t\t<div class=\"mkdf-eh-item-content mkdf-eh-custom-8152\" style=\"padding: 0px 70px 0px 70px\">\n\t\t\t<div class=\"mkdf-section-title-holder  mkdf-st-top-tagline-position mkdf-st-center-position mkdf-st-bottom-image-position \" style=\"text-align: center\">\n\t<div class=\"mkdf-st-inner\">\n\t\t\t\t\t\t\t<span class=\"mkdf-st-tagline\" style=\"color: #c88e23;margin-bottom: 0px\">\n\t\t\t\ttienda online\t\t\t<\/span>\n\t\t\t\t\t\t\t<h2 class=\"mkdf-st-title\" >\n\t\t\t\tprotecci\u00f3n de datos\t\t\t<\/h2>\n\t\t\t\t\t\t\t\t\t<p class=\"mkdf-st-text\" style=\"line-height: 20px;margin-top: 12px\">\n\t\t\t\tT\u00e9rminos legales y condiciones por las cuales se tratan los datos y privacidad de este sitio web, en base a la norma (UE) 2016\/679.\t\t\t<\/p>\n\t\t\t\t\t\t\t\t\t<\/div>\n<\/div>\t\t<\/div>\n\t\t\t<\/div>\n<\/div><\/div>[\/vc_column][vc_column width=\u00bb1\/4&#8243;][\/vc_column][\/vc_row][vc_row row_content_width=\u00bbgrid\u00bb css=\u00bb.vc_custom_1582798648392{padding-top: 64px !important;padding-bottom: 64px !important;}\u00bb][vc_column][vc_column_text]De acuerdo con lo dispuesto en el Reglamento General de Protecci\u00f3n de Datos, le informamos que:<\/p>\n<p><strong>Responsable<\/strong>:<br \/>\nCALDARIA TERMAL SLU con<br \/>\nCIF B32191348<br \/>\nDir. postal: Avda. Pontevedra 5, 1\u00ba, 32005 Ourense<br \/>\nTel\u00e9fono: 988 26 30 02<br \/>\nCorreo electr\u00f3nico: rgpd@caldaria.es<\/p>\n<p><strong>\u00bfCon qu\u00e9 finalidad tratamos sus datos personales?<\/strong><br \/>\nEn CALDARIA tratamos la informaci\u00f3n que nos facilita con el fin de informarle de nuestros servicios, prestarle el servicio que ha contratado y proceder a la facturaci\u00f3n del mismo.<br \/>\n<strong>\u00bfPor cu\u00e1nto tiempo conservaremos sus datos?<\/strong><br \/>\nLos datos personales proporcionados se conservar\u00e1n mientras se mantenga la relaci\u00f3n de prestaci\u00f3n del servicio, no se solicite su supresi\u00f3n por el interesado o durante los a\u00f1os necesarios para cumplir con las obligaciones legales.<\/p>\n<p><strong>\u00bfC\u00f3mo se proteger\u00e1 la confidencialidad de mis datos?<\/strong><br \/>\nEl tratamiento, comunicaci\u00f3n y cesi\u00f3n de sus datos se har\u00e1 conforme a lo dispuesto por la Ley Org\u00e1nica 15\/1999, de 13 de diciembre, de protecci\u00f3n de datos de car\u00e1cter personal, y por el Reglamento General de Protecci\u00f3n de Datos (UE) 2016\/679.<\/p>\n<p><strong>\u00bfCu\u00e1l es la legitimaci\u00f3n para el tratamiento de sus datos?<\/strong><br \/>\nLa base legal para el tratamiento de sus datos es la ejecuci\u00f3n del contrato de servicios.<\/p>\n<p><strong>\u00bfA qu\u00e9 destinatarios se comunicar\u00e1n sus datos?<\/strong><br \/>\nLos datos no se ceder\u00e1n a terceros salvo en los casos en que exista una obligaci\u00f3n legal.<br \/>\nNo se realizar\u00e1n transferencias de datos a terceros pa\u00edses, a excepci\u00f3n de que exista una obligaci\u00f3n legal.<\/p>\n<p><strong>\u00bfCu\u00e1les son sus derechos cuando nos facilita sus datos?<\/strong><br \/>\nCualquier persona tiene derecho a obtener confirmaci\u00f3n sobre si en CALDARIA estamos tratando datos personales que les conciernan, o no.<br \/>\nLas personas interesadas tienen derecho a acceder a sus datos personales, as\u00ed como a solicitar la rectificaci\u00f3n de los datos inexactos o, en su caso, solicitar su supresi\u00f3n cuando, entre otros motivos, los datos ya no sean necesarios para los fines que fueron recogidos.<br \/>\nEn determinadas circunstancias, los interesados podr\u00e1n solicitar la limitaci\u00f3n del tratamiento de sus datos, en cuyo caso \u00fanicamente los conservaremos para el ejercicio o la defensa de reclamaciones.<br \/>\nEn determinadas circunstancias y por motivos relacionados con su situaci\u00f3n particular, los interesados podr\u00e1n oponerse al tratamiento de sus datos. CALDARIA dejar\u00e1 de tratar los datos, salvo por motivos leg\u00edtimos imperiosos, o el ejercicio o la defensa de posibles reclamaciones.<br \/>\nDerecho a la portabilidad de sus datos.<br \/>\nDerecho a presentar una reclamaci\u00f3n ante las autoridades de control, en nuestro caso, ante la Agencia Espa\u00f1ola de Protecci\u00f3n de Datos.<\/p>\n<p>Para ejercer sus derechos podr\u00e1 ponerse en contacto con el Responsable indicado al comienzo.[\/vc_column_text][\/vc_column][\/vc_row]<\/p>\n<\/div>","protected":false},"excerpt":{"rendered":"<p>[vc_row equal_height=\u00bbyes\u00bb simple_background_image_repeat=\u00bbno-repeat\u00bb disable_background_image=\u00bb\u00bb css=\u00bb.vc_custom_1582798542779{padding-top: 145px !important;padding-bottom: 132px !important;}\u00bb simple_background_image=\u00bb3723&#8243; background_image_position=\u00bbbottom left\u00bb][vc_column width=\u00bb1\/4&#8243;][\/vc_column][vc_column width=\u00bb1\/2&#8243;][\/vc_column][vc_column width=\u00bb1\/4&#8243;][\/vc_column][\/vc_row][vc_row row_content_width=\u00bbgrid\u00bb css=\u00bb.vc_custom_1582798648392{padding-top: 64px !important;padding-bottom: 64px !important;}\u00bb][vc_column][vc_column_text]De acuerdo con lo dispuesto en el Reglamento General de Protecci\u00f3n de Datos, le informamos que: Responsable: CALDARIA TERMAL SLU [&hellip;]<\/p>\n","protected":false},"author":2,"featured_media":0,"parent":0,"menu_order":0,"comment_status":"closed","ping_status":"closed","template":"full-width.php","meta":{"footnotes":""},"class_list":["post-3818","page","type-page","status-publish","hentry"],"yoast_head":"<!-- This site is optimized with the Yoast SEO plugin v27.3 - https:\/\/yoast.com\/product\/yoast-seo-wordpress\/ -->\n<title>Protecci\u00f3n de datos | Tienda Caldaria<\/title>\n<meta name=\"robots\" content=\"index, follow, max-snippet:-1, max-image-preview:large, max-video-preview:-1\" \/>\n<link rel=\"canonical\" href=\"https:\/\/www.caldaria.es\/tienda\/proteccion-de-datos\/\" \/>\n<meta property=\"og:locale\" content=\"es_ES\" \/>\n<meta property=\"og:type\" content=\"article\" \/>\n<meta property=\"og:title\" content=\"Protecci\u00f3n de datos | Tienda Caldaria\" \/>\n<meta property=\"og:description\" content=\"[vc_row equal_height=\u00bbyes\u00bb simple_background_image_repeat=\u00bbno-repeat\u00bb disable_background_image=\u00bb\u00bb css=\u00bb.vc_custom_1582798542779{padding-top: 145px !important;padding-bottom: 132px !important;}\u00bb simple_background_image=\u00bb3723&#8243; background_image_position=\u00bbbottom left\u00bb][vc_column width=\u00bb1\/4&#8243;][\/vc_column][vc_column width=\u00bb1\/2&#8243;][\/vc_column][vc_column width=\u00bb1\/4&#8243;][\/vc_column][\/vc_row][vc_row row_content_width=\u00bbgrid\u00bb css=\u00bb.vc_custom_1582798648392{padding-top: 64px !important;padding-bottom: 64px !important;}\u00bb][vc_column][vc_column_text]De acuerdo con lo dispuesto en el Reglamento General de Protecci\u00f3n de Datos, le informamos que: Responsable: CALDARIA TERMAL SLU [&hellip;]\" \/>\n<meta property=\"og:url\" content=\"https:\/\/www.caldaria.es\/tienda\/proteccion-de-datos\/\" \/>\n<meta property=\"og:site_name\" content=\"Tienda Caldaria\" \/>\n<meta property=\"article:modified_time\" content=\"2020-02-27T10:34:52+00:00\" \/>\n<meta name=\"twitter:card\" content=\"summary_large_image\" \/>\n<meta name=\"twitter:label1\" content=\"Tiempo de lectura\" \/>\n\t<meta name=\"twitter:data1\" content=\"3 minutos\" \/>\n<script type=\"application\/ld+json\" class=\"yoast-schema-graph\">{\"@context\":\"https:\\\/\\\/schema.org\",\"@graph\":[{\"@type\":\"WebPage\",\"@id\":\"https:\\\/\\\/www.caldaria.es\\\/tienda\\\/proteccion-de-datos\\\/\",\"url\":\"https:\\\/\\\/www.caldaria.es\\\/tienda\\\/proteccion-de-datos\\\/\",\"name\":\"Protecci\u00f3n de datos | Tienda Caldaria\",\"isPartOf\":{\"@id\":\"https:\\\/\\\/caldaria.ideit.es\\\/tienda\\\/#website\"},\"datePublished\":\"2020-02-27T10:22:17+00:00\",\"dateModified\":\"2020-02-27T10:34:52+00:00\",\"breadcrumb\":{\"@id\":\"https:\\\/\\\/www.caldaria.es\\\/tienda\\\/proteccion-de-datos\\\/#breadcrumb\"},\"inLanguage\":\"es\",\"potentialAction\":[{\"@type\":\"ReadAction\",\"target\":[\"https:\\\/\\\/www.caldaria.es\\\/tienda\\\/proteccion-de-datos\\\/\"]}]},{\"@type\":\"BreadcrumbList\",\"@id\":\"https:\\\/\\\/www.caldaria.es\\\/tienda\\\/proteccion-de-datos\\\/#breadcrumb\",\"itemListElement\":[{\"@type\":\"ListItem\",\"position\":1,\"name\":\"Portada\",\"item\":\"https:\\\/\\\/caldaria.ideit.es\\\/tienda\\\/\"},{\"@type\":\"ListItem\",\"position\":2,\"name\":\"Protecci\u00f3n de datos\"}]},{\"@type\":\"WebSite\",\"@id\":\"https:\\\/\\\/caldaria.ideit.es\\\/tienda\\\/#website\",\"url\":\"https:\\\/\\\/caldaria.ideit.es\\\/tienda\\\/\",\"name\":\"Tienda Caldaria\",\"description\":\"\",\"potentialAction\":[{\"@type\":\"SearchAction\",\"target\":{\"@type\":\"EntryPoint\",\"urlTemplate\":\"https:\\\/\\\/caldaria.ideit.es\\\/tienda\\\/?s={search_term_string}\"},\"query-input\":{\"@type\":\"PropertyValueSpecification\",\"valueRequired\":true,\"valueName\":\"search_term_string\"}}],\"inLanguage\":\"es\"}]}<\/script>\n<!-- \/ Yoast SEO plugin. -->","yoast_head_json":{"title":"Protecci\u00f3n de datos | Tienda Caldaria","robots":{"index":"index","follow":"follow","max-snippet":"max-snippet:-1","max-image-preview":"max-image-preview:large","max-video-preview":"max-video-preview:-1"},"canonical":"https:\/\/www.caldaria.es\/tienda\/proteccion-de-datos\/","og_locale":"es_ES","og_type":"article","og_title":"Protecci\u00f3n de datos | Tienda Caldaria","og_description":"[vc_row equal_height=\u00bbyes\u00bb simple_background_image_repeat=\u00bbno-repeat\u00bb disable_background_image=\u00bb\u00bb css=\u00bb.vc_custom_1582798542779{padding-top: 145px !important;padding-bottom: 132px !important;}\u00bb simple_background_image=\u00bb3723&#8243; background_image_position=\u00bbbottom left\u00bb][vc_column width=\u00bb1\/4&#8243;][\/vc_column][vc_column width=\u00bb1\/2&#8243;][\/vc_column][vc_column width=\u00bb1\/4&#8243;][\/vc_column][\/vc_row][vc_row row_content_width=\u00bbgrid\u00bb css=\u00bb.vc_custom_1582798648392{padding-top: 64px !important;padding-bottom: 64px !important;}\u00bb][vc_column][vc_column_text]De acuerdo con lo dispuesto en el Reglamento General de Protecci\u00f3n de Datos, le informamos que: Responsable: CALDARIA TERMAL SLU [&hellip;]","og_url":"https:\/\/www.caldaria.es\/tienda\/proteccion-de-datos\/","og_site_name":"Tienda Caldaria","article_modified_time":"2020-02-27T10:34:52+00:00","twitter_card":"summary_large_image","twitter_misc":{"Tiempo de lectura":"3 minutos"},"schema":{"@context":"https:\/\/schema.org","@graph":[{"@type":"WebPage","@id":"https:\/\/www.caldaria.es\/tienda\/proteccion-de-datos\/","url":"https:\/\/www.caldaria.es\/tienda\/proteccion-de-datos\/","name":"Protecci\u00f3n de datos | Tienda Caldaria","isPartOf":{"@id":"https:\/\/caldaria.ideit.es\/tienda\/#website"},"datePublished":"2020-02-27T10:22:17+00:00","dateModified":"2020-02-27T10:34:52+00:00","breadcrumb":{"@id":"https:\/\/www.caldaria.es\/tienda\/proteccion-de-datos\/#breadcrumb"},"inLanguage":"es","potentialAction":[{"@type":"ReadAction","target":["https:\/\/www.caldaria.es\/tienda\/proteccion-de-datos\/"]}]},{"@type":"BreadcrumbList","@id":"https:\/\/www.caldaria.es\/tienda\/proteccion-de-datos\/#breadcrumb","itemListElement":[{"@type":"ListItem","position":1,"name":"Portada","item":"https:\/\/caldaria.ideit.es\/tienda\/"},{"@type":"ListItem","position":2,"name":"Protecci\u00f3n de datos"}]},{"@type":"WebSite","@id":"https:\/\/caldaria.ideit.es\/tienda\/#website","url":"https:\/\/caldaria.ideit.es\/tienda\/","name":"Tienda Caldaria","description":"","potentialAction":[{"@type":"SearchAction","target":{"@type":"EntryPoint","urlTemplate":"https:\/\/caldaria.ideit.es\/tienda\/?s={search_term_string}"},"query-input":{"@type":"PropertyValueSpecification","valueRequired":true,"valueName":"search_term_string"}}],"inLanguage":"es"}]}},"jetpack_sharing_enabled":true,"_links":{"self":[{"href":"https:\/\/www.caldaria.es\/tienda\/wp-json\/wp\/v2\/pages\/3818","targetHints":{"allow":["GET"]}}],"collection":[{"href":"https:\/\/www.caldaria.es\/tienda\/wp-json\/wp\/v2\/pages"}],"about":[{"href":"https:\/\/www.caldaria.es\/tienda\/wp-json\/wp\/v2\/types\/page"}],"author":[{"embeddable":true,"href":"https:\/\/www.caldaria.es\/tienda\/wp-json\/wp\/v2\/users\/2"}],"replies":[{"embeddable":true,"href":"https:\/\/www.caldaria.es\/tienda\/wp-json\/wp\/v2\/comments?post=3818"}],"version-history":[{"count":3,"href":"https:\/\/www.caldaria.es\/tienda\/wp-json\/wp\/v2\/pages\/3818\/revisions"}],"predecessor-version":[{"id":3822,"href":"https:\/\/www.caldaria.es\/tienda\/wp-json\/wp\/v2\/pages\/3818\/revisions\/3822"}],"wp:attachment":[{"href":"https:\/\/www.caldaria.es\/tienda\/wp-json\/wp\/v2\/media?parent=3818"}],"curies":[{"name":"wp","href":"https:\/\/api.w.org\/{rel}","templated":true}]}}