{"id":3717,"date":"2020-02-26T11:24:08","date_gmt":"2020-02-26T11:24:08","guid":{"rendered":"https:\/\/www.caldaria.es\/tienda\/?page_id=3717"},"modified":"2024-09-25T19:26:07","modified_gmt":"2024-09-25T17:26:07","slug":"bonos","status":"publish","type":"page","link":"https:\/\/www.caldaria.es\/tienda\/bonos\/","title":{"rendered":"Bonos"},"content":{"rendered":"<div class=\"wpb-content-wrapper\"><p>[vc_row equal_height=\u00bbyes\u00bb css=\u00bb.vc_custom_1582794353180{padding-top: 32px !important;padding-bottom: 32px !important;}\u00bb][vc_column width=\u00bb1\/4&#8243;][\/vc_column][vc_column width=\u00bb1\/2&#8243;]<div class=\"mkdf-elements-holder   mkdf-one-column  mkdf-responsive-mode-768 \" ><div class=\"mkdf-eh-item   mkdf-horizontal-alignment-center  \" data-item-class=\"mkdf-eh-custom-6793\" data-1025-1399=\"0px 0px 0px 0px\" data-769-1024=\"0px 0px 0px 0px\" data-681-768=\"0px 0px 0px 0px\" data-680=\"0px 0px 0px 0px\">\n\t<div class=\"mkdf-eh-background-holder\"  ><\/div>\n\t<div class=\"mkdf-eh-item-inner\">\n\t\t<div class=\"mkdf-eh-item-content mkdf-eh-custom-6793\" style=\"padding: 0px 70px 0px 70px\">\n\t\t\t<div class=\"mkdf-section-title-holder  mkdf-st-top-tagline-position mkdf-st-center-position mkdf-st-bottom-image-position \" style=\"text-align: center\">\n\t<div class=\"mkdf-st-inner\">\n\t\t\t\t\t\t\t<span class=\"mkdf-st-tagline\" style=\"color: #c88e23;margin-bottom: 0px\">\n\t\t\t\tregala caldaria\t\t\t<\/span>\n\t\t\t\t\t\t\t<h2 class=\"mkdf-st-title\" >\n\t\t\t\tBONOS REGALO\t\t\t<\/h2>\n\t\t\t\t\t\t\t\t\t<p class=\"mkdf-st-text\" style=\"line-height: 20px;margin-top: 12px\">\n\t\t\t\tHazte con uno de nuestros bonos especiales para regalar a qui\u00e9n quieras y para cualquier ocasi\u00f3n, o simplemente para disfrutar tu mismo.<br \/>\nEn habitaci\u00f3n doble o individual, con desayuno buffet incluido y el programa termal elegido, desde 95 euros por persona. V\u00e1lidos hasta el 30\/12\/2025\t\t\t<\/p>\n\t\t\t\t\t\t\t\t\t<\/div>\n<\/div>\t\t<\/div>\n\t\t\t<\/div>\n<\/div><\/div>[\/vc_column][vc_column width=\u00bb1\/4&#8243;][\/vc_column][\/vc_row][vc_row css=\u00bb.vc_custom_1582741157580{padding-top: 32px !important;padding-bottom: 32px !important;background-position: center !important;background-repeat: no-repeat !important;background-size: cover !important;}\u00bb][vc_column width=\u00bb1\/4&#8243;][\/vc_column][vc_column width=\u00bb1\/4&#8243;]<div class=\"mkdf-pls-holder mkdf-grid-list mkdf-disable-bottom-space mkdf-one-columns mkdf-normal-space\">\n    <div class=\"mkdf-pls-outer mkdf-outer-space\">\n        \t        <div class=\"mkdf-pls mkdf-item-space\">\n\t\t        <div class=\"mkdf-pli-inner\">\n\t                <div class=\"mkdf-pls-image\">\n\t                    <a itemprop=\"url\" href=\"https:\/\/www.caldaria.es\/tienda\/producto\/bono-b1\/\" title=\"Bono 1 noche\">\n\t                        <img loading=\"lazy\" decoding=\"async\" width=\"300\" height=\"300\" src=\"https:\/\/www.caldaria.es\/tienda\/wp-content\/uploads\/2020\/02\/caldaria-bono-b1-300x300.jpg\" class=\"attachment-woocommerce_thumbnail size-woocommerce_thumbnail wp-post-image\" alt=\"\" srcset=\"https:\/\/www.caldaria.es\/tienda\/wp-content\/uploads\/2020\/02\/caldaria-bono-b1-300x300.jpg 300w, https:\/\/www.caldaria.es\/tienda\/wp-content\/uploads\/2020\/02\/caldaria-bono-b1-150x150.jpg 150w, https:\/\/www.caldaria.es\/tienda\/wp-content\/uploads\/2020\/02\/caldaria-bono-b1-100x100.jpg 100w\" sizes=\"auto, (max-width: 300px) 100vw, 300px\" \/>\t                    <\/a>\n\t                <\/div>\n\t                <div class=\"mkdf-pls-text\">\n\t                        <h4 itemprop=\"name\" class=\"entry-title mkdf-pls-title\" >\n\t\t<a itemprop=\"url\" href=\"https:\/\/www.caldaria.es\/tienda\/producto\/bono-b1\/\">Bono 1 noche<\/a>\n\t<\/h4>\n\n\t                    \n\t                    \t<div class=\"mkdf-pls-price\"><span class=\"woocommerce-Price-amount amount\">124,00<span class=\"woocommerce-Price-currencySymbol\">&euro;<\/span><\/span> &ndash; <span class=\"woocommerce-Price-amount amount\">274,00<span class=\"woocommerce-Price-currencySymbol\">&euro;<\/span><\/span><\/div>\n\n\t                    \t                <\/div>\n\t\t        <\/div>\n            <\/div>\n            <\/div>\n<\/div>[vc_column_text]1 noche de alojamiento con desayuno buffet<br \/>\nPrograma termal por persona y estancia (1 ba\u00f1era hidromasaje, 1 masaje parcial de relajaci\u00f3n y 2 horas al dia de acceso a piscinas termales)[\/vc_column_text][\/vc_column][vc_column width=\u00bb1\/4&#8243;]<div class=\"mkdf-pls-holder mkdf-grid-list mkdf-disable-bottom-space mkdf-one-columns mkdf-normal-space\">\n    <div class=\"mkdf-pls-outer mkdf-outer-space\">\n        \t        <div class=\"mkdf-pls mkdf-item-space\">\n\t\t        <div class=\"mkdf-pli-inner\">\n\t                <div class=\"mkdf-pls-image\">\n\t                    <a itemprop=\"url\" href=\"https:\/\/www.caldaria.es\/tienda\/producto\/bono-b2\/\" title=\"Bono 2 noches\">\n\t                        <img loading=\"lazy\" decoding=\"async\" width=\"300\" height=\"300\" src=\"https:\/\/www.caldaria.es\/tienda\/wp-content\/uploads\/2020\/02\/caldaria-bono-b2-300x300.jpg\" class=\"attachment-woocommerce_thumbnail size-woocommerce_thumbnail wp-post-image\" alt=\"\" srcset=\"https:\/\/www.caldaria.es\/tienda\/wp-content\/uploads\/2020\/02\/caldaria-bono-b2-300x300.jpg 300w, https:\/\/www.caldaria.es\/tienda\/wp-content\/uploads\/2020\/02\/caldaria-bono-b2-150x150.jpg 150w, https:\/\/www.caldaria.es\/tienda\/wp-content\/uploads\/2020\/02\/caldaria-bono-b2-100x100.jpg 100w\" sizes=\"auto, (max-width: 300px) 100vw, 300px\" \/>\t                    <\/a>\n\t                <\/div>\n\t                <div class=\"mkdf-pls-text\">\n\t                        <h4 itemprop=\"name\" class=\"entry-title mkdf-pls-title\" >\n\t\t<a itemprop=\"url\" href=\"https:\/\/www.caldaria.es\/tienda\/producto\/bono-b2\/\">Bono 2 noches<\/a>\n\t<\/h4>\n\n\t                    \n\t                    \t<div class=\"mkdf-pls-price\"><span class=\"woocommerce-Price-amount amount\">248,00<span class=\"woocommerce-Price-currencySymbol\">&euro;<\/span><\/span> &ndash; <span class=\"woocommerce-Price-amount amount\">472,00<span class=\"woocommerce-Price-currencySymbol\">&euro;<\/span><\/span><\/div>\n\n\t                    \t                <\/div>\n\t\t        <\/div>\n            <\/div>\n            <\/div>\n<\/div>[vc_column_text]2 noches de alojamiento con media pensi\u00f3n (servicio buffet)<br \/>\nPrograma termal por persona y estancia (1 ba\u00f1era de hidromasaje, 1 masaje parcial de relajaci\u00f3n y 2 horas al d\u00eda de acceso a piscinas termales)[\/vc_column_text][\/vc_column][vc_column width=\u00bb1\/4&#8243;][\/vc_column][\/vc_row][vc_row equal_height=\u00bbyes\u00bb css=\u00bb.vc_custom_1582741177818{padding-top: 32px !important;padding-bottom: 32px !important;}\u00bb][vc_column width=\u00bb1\/4&#8243;][\/vc_column][vc_column width=\u00bb1\/4&#8243;][\/vc_column][\/vc_row]<\/p>\n<\/div>","protected":false},"excerpt":{"rendered":"<p>[vc_row equal_height=\u00bbyes\u00bb css=\u00bb.vc_custom_1582794353180{padding-top: 32px !important;padding-bottom: 32px !important;}\u00bb][vc_column width=\u00bb1\/4&#8243;][\/vc_column][vc_column width=\u00bb1\/2&#8243;][\/vc_column][vc_column width=\u00bb1\/4&#8243;][\/vc_column][\/vc_row][vc_row css=\u00bb.vc_custom_1582741157580{padding-top: 32px !important;padding-bottom: 32px !important;background-position: center !important;background-repeat: no-repeat !important;background-size: cover !important;}\u00bb][vc_column width=\u00bb1\/4&#8243;][\/vc_column][vc_column width=\u00bb1\/4&#8243;][vc_column_text]1 noche de alojamiento con desayuno buffet Programa termal por persona y estancia (1 ba\u00f1era hidromasaje, 1 masaje [&hellip;]<\/p>\n","protected":false},"author":2,"featured_media":0,"parent":0,"menu_order":0,"comment_status":"closed","ping_status":"closed","template":"full-width.php","meta":{"footnotes":""},"class_list":["post-3717","page","type-page","status-publish","hentry"],"yoast_head":"<!-- This site is optimized with the Yoast SEO plugin v27.3 - https:\/\/yoast.com\/product\/yoast-seo-wordpress\/ -->\n<title>Bonos | Tienda Caldaria<\/title>\n<meta name=\"robots\" content=\"index, follow, max-snippet:-1, max-image-preview:large, max-video-preview:-1\" \/>\n<link rel=\"canonical\" href=\"https:\/\/www.caldaria.es\/tienda\/bonos\/\" \/>\n<meta property=\"og:locale\" content=\"es_ES\" \/>\n<meta property=\"og:type\" content=\"article\" \/>\n<meta property=\"og:title\" content=\"Bonos | Tienda Caldaria\" \/>\n<meta property=\"og:description\" content=\"[vc_row equal_height=\u00bbyes\u00bb css=\u00bb.vc_custom_1582794353180{padding-top: 32px !important;padding-bottom: 32px !important;}\u00bb][vc_column width=\u00bb1\/4&#8243;][\/vc_column][vc_column width=\u00bb1\/2&#8243;][\/vc_column][vc_column width=\u00bb1\/4&#8243;][\/vc_column][\/vc_row][vc_row css=\u00bb.vc_custom_1582741157580{padding-top: 32px !important;padding-bottom: 32px !important;background-position: center !important;background-repeat: no-repeat !important;background-size: cover !important;}\u00bb][vc_column width=\u00bb1\/4&#8243;][\/vc_column][vc_column width=\u00bb1\/4&#8243;][vc_column_text]1 noche de alojamiento con desayuno buffet Programa termal por persona y estancia (1 ba\u00f1era hidromasaje, 1 masaje [&hellip;]\" \/>\n<meta property=\"og:url\" content=\"https:\/\/www.caldaria.es\/tienda\/bonos\/\" \/>\n<meta property=\"og:site_name\" content=\"Tienda Caldaria\" \/>\n<meta property=\"article:modified_time\" content=\"2024-09-25T17:26:07+00:00\" \/>\n<meta name=\"twitter:card\" content=\"summary_large_image\" \/>\n<meta name=\"twitter:label1\" content=\"Tiempo de lectura\" \/>\n\t<meta name=\"twitter:data1\" content=\"1 minuto\" \/>\n<script type=\"application\/ld+json\" class=\"yoast-schema-graph\">{\"@context\":\"https:\\\/\\\/schema.org\",\"@graph\":[{\"@type\":\"WebPage\",\"@id\":\"https:\\\/\\\/www.caldaria.es\\\/tienda\\\/bonos\\\/\",\"url\":\"https:\\\/\\\/www.caldaria.es\\\/tienda\\\/bonos\\\/\",\"name\":\"Bonos | Tienda Caldaria\",\"isPartOf\":{\"@id\":\"https:\\\/\\\/caldaria.ideit.es\\\/tienda\\\/#website\"},\"datePublished\":\"2020-02-26T11:24:08+00:00\",\"dateModified\":\"2024-09-25T17:26:07+00:00\",\"breadcrumb\":{\"@id\":\"https:\\\/\\\/www.caldaria.es\\\/tienda\\\/bonos\\\/#breadcrumb\"},\"inLanguage\":\"es\",\"potentialAction\":[{\"@type\":\"ReadAction\",\"target\":[\"https:\\\/\\\/www.caldaria.es\\\/tienda\\\/bonos\\\/\"]}]},{\"@type\":\"BreadcrumbList\",\"@id\":\"https:\\\/\\\/www.caldaria.es\\\/tienda\\\/bonos\\\/#breadcrumb\",\"itemListElement\":[{\"@type\":\"ListItem\",\"position\":1,\"name\":\"Portada\",\"item\":\"https:\\\/\\\/caldaria.ideit.es\\\/tienda\\\/\"},{\"@type\":\"ListItem\",\"position\":2,\"name\":\"Bonos\"}]},{\"@type\":\"WebSite\",\"@id\":\"https:\\\/\\\/caldaria.ideit.es\\\/tienda\\\/#website\",\"url\":\"https:\\\/\\\/caldaria.ideit.es\\\/tienda\\\/\",\"name\":\"Tienda Caldaria\",\"description\":\"\",\"potentialAction\":[{\"@type\":\"SearchAction\",\"target\":{\"@type\":\"EntryPoint\",\"urlTemplate\":\"https:\\\/\\\/caldaria.ideit.es\\\/tienda\\\/?s={search_term_string}\"},\"query-input\":{\"@type\":\"PropertyValueSpecification\",\"valueRequired\":true,\"valueName\":\"search_term_string\"}}],\"inLanguage\":\"es\"}]}<\/script>\n<!-- \/ Yoast SEO plugin. -->","yoast_head_json":{"title":"Bonos | Tienda Caldaria","robots":{"index":"index","follow":"follow","max-snippet":"max-snippet:-1","max-image-preview":"max-image-preview:large","max-video-preview":"max-video-preview:-1"},"canonical":"https:\/\/www.caldaria.es\/tienda\/bonos\/","og_locale":"es_ES","og_type":"article","og_title":"Bonos | Tienda Caldaria","og_description":"[vc_row equal_height=\u00bbyes\u00bb css=\u00bb.vc_custom_1582794353180{padding-top: 32px !important;padding-bottom: 32px !important;}\u00bb][vc_column width=\u00bb1\/4&#8243;][\/vc_column][vc_column width=\u00bb1\/2&#8243;][\/vc_column][vc_column width=\u00bb1\/4&#8243;][\/vc_column][\/vc_row][vc_row css=\u00bb.vc_custom_1582741157580{padding-top: 32px !important;padding-bottom: 32px !important;background-position: center !important;background-repeat: no-repeat !important;background-size: cover !important;}\u00bb][vc_column width=\u00bb1\/4&#8243;][\/vc_column][vc_column width=\u00bb1\/4&#8243;][vc_column_text]1 noche de alojamiento con desayuno buffet Programa termal por persona y estancia (1 ba\u00f1era hidromasaje, 1 masaje [&hellip;]","og_url":"https:\/\/www.caldaria.es\/tienda\/bonos\/","og_site_name":"Tienda Caldaria","article_modified_time":"2024-09-25T17:26:07+00:00","twitter_card":"summary_large_image","twitter_misc":{"Tiempo de lectura":"1 minuto"},"schema":{"@context":"https:\/\/schema.org","@graph":[{"@type":"WebPage","@id":"https:\/\/www.caldaria.es\/tienda\/bonos\/","url":"https:\/\/www.caldaria.es\/tienda\/bonos\/","name":"Bonos | Tienda Caldaria","isPartOf":{"@id":"https:\/\/caldaria.ideit.es\/tienda\/#website"},"datePublished":"2020-02-26T11:24:08+00:00","dateModified":"2024-09-25T17:26:07+00:00","breadcrumb":{"@id":"https:\/\/www.caldaria.es\/tienda\/bonos\/#breadcrumb"},"inLanguage":"es","potentialAction":[{"@type":"ReadAction","target":["https:\/\/www.caldaria.es\/tienda\/bonos\/"]}]},{"@type":"BreadcrumbList","@id":"https:\/\/www.caldaria.es\/tienda\/bonos\/#breadcrumb","itemListElement":[{"@type":"ListItem","position":1,"name":"Portada","item":"https:\/\/caldaria.ideit.es\/tienda\/"},{"@type":"ListItem","position":2,"name":"Bonos"}]},{"@type":"WebSite","@id":"https:\/\/caldaria.ideit.es\/tienda\/#website","url":"https:\/\/caldaria.ideit.es\/tienda\/","name":"Tienda Caldaria","description":"","potentialAction":[{"@type":"SearchAction","target":{"@type":"EntryPoint","urlTemplate":"https:\/\/caldaria.ideit.es\/tienda\/?s={search_term_string}"},"query-input":{"@type":"PropertyValueSpecification","valueRequired":true,"valueName":"search_term_string"}}],"inLanguage":"es"}]}},"jetpack_sharing_enabled":true,"_links":{"self":[{"href":"https:\/\/www.caldaria.es\/tienda\/wp-json\/wp\/v2\/pages\/3717","targetHints":{"allow":["GET"]}}],"collection":[{"href":"https:\/\/www.caldaria.es\/tienda\/wp-json\/wp\/v2\/pages"}],"about":[{"href":"https:\/\/www.caldaria.es\/tienda\/wp-json\/wp\/v2\/types\/page"}],"author":[{"embeddable":true,"href":"https:\/\/www.caldaria.es\/tienda\/wp-json\/wp\/v2\/users\/2"}],"replies":[{"embeddable":true,"href":"https:\/\/www.caldaria.es\/tienda\/wp-json\/wp\/v2\/comments?post=3717"}],"version-history":[{"count":49,"href":"https:\/\/www.caldaria.es\/tienda\/wp-json\/wp\/v2\/pages\/3717\/revisions"}],"predecessor-version":[{"id":6645,"href":"https:\/\/www.caldaria.es\/tienda\/wp-json\/wp\/v2\/pages\/3717\/revisions\/6645"}],"wp:attachment":[{"href":"https:\/\/www.caldaria.es\/tienda\/wp-json\/wp\/v2\/media?parent=3717"}],"curies":[{"name":"wp","href":"https:\/\/api.w.org\/{rel}","templated":true}]}}